{"id":444,"date":"2023-03-09T16:02:59","date_gmt":"2023-03-09T15:02:59","guid":{"rendered":"https:\/\/www.mediamix.ch\/?page_id=444"},"modified":"2023-06-14T10:21:21","modified_gmt":"2023-06-14T08:21:21","slug":"daten-messungen","status":"publish","type":"page","link":"https:\/\/www.mediamix.ch\/de\/expertises\/data-mesures","title":{"rendered":"Daten &amp; Messungen"},"content":{"rendered":"<div data-elementor-type=\"wp-page\" data-elementor-id=\"444\" class=\"elementor elementor-444\" data-elementor-post-type=\"page\">\n\t\t\t\t\t\t<section class=\"elementor-section elementor-top-section elementor-element elementor-element-5d5e9b0 elementor-section-height-min-height elementor-section-full_width elementor-section-height-default elementor-section-items-middle\" data-id=\"5d5e9b0\" data-element_type=\"section\" data-e-type=\"section\" data-settings=\"{&quot;background_background&quot;:&quot;classic&quot;,&quot;jet_parallax_layout_list&quot;:[]}\">\n\t\t\t\t\t\t\t<div class=\"elementor-background-overlay\"><\/div>\n\t\t\t\t\t\t\t<div class=\"elementor-container elementor-column-gap-default\">\n\t\t\t\t\t<div class=\"elementor-column elementor-col-100 elementor-top-column elementor-element elementor-element-63820c0\" data-id=\"63820c0\" data-element_type=\"column\" data-e-type=\"column\">\n\t\t\t<div class=\"elementor-widget-wrap elementor-element-populated\">\n\t\t\t\t\t\t<section class=\"elementor-section elementor-inner-section elementor-element elementor-element-2e3c242 elementor-section-full_width elementor-section-content-middle elementor-section-height-default elementor-section-height-default\" data-id=\"2e3c242\" data-element_type=\"section\" data-e-type=\"section\" data-settings=\"{&quot;jet_parallax_layout_list&quot;:[]}\">\n\t\t\t\t\t\t<div class=\"elementor-container elementor-column-gap-default\">\n\t\t\t\t\t<div class=\"elementor-column elementor-col-100 elementor-inner-column elementor-element elementor-element-3a184ae\" data-id=\"3a184ae\" data-element_type=\"column\" data-e-type=\"column\" data-settings=\"{&quot;background_background&quot;:&quot;classic&quot;}\">\n\t\t\t<div class=\"elementor-widget-wrap elementor-element-populated\">\n\t\t\t\t\t\t<div class=\"elementor-element elementor-element-b417f14 elementor-widget__width-auto elementor-widget elementor-widget-heading\" data-id=\"b417f14\" data-element_type=\"widget\" data-e-type=\"widget\" data-widget_type=\"heading.default\">\n\t\t\t\t<div class=\"elementor-widget-container\">\n\t\t\t\t\t<span class=\"elementor-heading-title elementor-size-default\">Entdecken Sie die Tools und Ressourcen der Mediamix, f\u00fcr die Messung der Kampagnenergebnisse. <\/span>\t\t\t\t<\/div>\n\t\t\t\t<\/div>\n\t\t\t\t<div class=\"elementor-element elementor-element-a0d2f25 elementor-widget elementor-widget-heading\" data-id=\"a0d2f25\" data-element_type=\"widget\" data-e-type=\"widget\" data-widget_type=\"heading.default\">\n\t\t\t\t<div class=\"elementor-widget-container\">\n\t\t\t\t\t<h1 class=\"elementor-heading-title elementor-size-default\">Daten &amp; Messungen<\/h1>\t\t\t\t<\/div>\n\t\t\t\t<\/div>\n\t\t\t\t\t<\/div>\n\t\t<\/div>\n\t\t\t\t\t<\/div>\n\t\t<\/section>\n\t\t\t\t\t<\/div>\n\t\t<\/div>\n\t\t\t\t\t<\/div>\n\t\t<\/section>\n\t\t\t\t<section class=\"elementor-section elementor-top-section elementor-element elementor-element-64f6441 elementor-section-height-min-height elementor-section-content-top elementor-section-boxed elementor-section-height-default elementor-section-items-middle\" data-id=\"64f6441\" data-element_type=\"section\" data-e-type=\"section\" data-settings=\"{&quot;jet_parallax_layout_list&quot;:[]}\">\n\t\t\t\t\t\t<div class=\"elementor-container elementor-column-gap-no\">\n\t\t\t\t\t<div class=\"elementor-column elementor-col-100 elementor-top-column elementor-element elementor-element-b30fb3e\" data-id=\"b30fb3e\" data-element_type=\"column\" data-e-type=\"column\">\n\t\t\t<div class=\"elementor-widget-wrap elementor-element-populated\">\n\t\t\t\t\t\t<div class=\"elementor-element elementor-element-67a8176 elementor-align-left elementor-widget__width-auto bread elementor-widget elementor-widget-breadcrumbs\" data-id=\"67a8176\" data-element_type=\"widget\" data-e-type=\"widget\" data-widget_type=\"breadcrumbs.default\">\n\t\t\t\t<div class=\"elementor-widget-container\">\n\t\t\t\t\t<div id=\"breadcrumbs\"><span><span><a href=\"https:\/\/www.mediamix.ch\/de\/\">Startseite<\/a><\/span><\/span><\/div>\t\t\t\t<\/div>\n\t\t\t\t<\/div>\n\t\t\t\t\t<\/div>\n\t\t<\/div>\n\t\t\t\t\t<\/div>\n\t\t<\/section>\n\t\t\t\t<section class=\"elementor-section elementor-top-section elementor-element elementor-element-c7626d6 elementor-section-stretched elementor-section-content-middle elementor-section-boxed elementor-section-height-default elementor-section-height-default\" data-id=\"c7626d6\" data-element_type=\"section\" data-e-type=\"section\" data-settings=\"{&quot;stretch_section&quot;:&quot;section-stretched&quot;,&quot;jet_parallax_layout_list&quot;:[]}\">\n\t\t\t\t\t\t<div class=\"elementor-container elementor-column-gap-default\">\n\t\t\t\t\t<div class=\"elementor-column elementor-col-50 elementor-top-column elementor-element elementor-element-16f6d4c\" data-id=\"16f6d4c\" data-element_type=\"column\" data-e-type=\"column\">\n\t\t\t<div class=\"elementor-widget-wrap elementor-element-populated\">\n\t\t\t\t\t\t<div class=\"elementor-element elementor-element-5479832 elementor-widget elementor-widget-heading\" data-id=\"5479832\" data-element_type=\"widget\" data-e-type=\"widget\" data-widget_type=\"heading.default\">\n\t\t\t\t<div class=\"elementor-widget-container\">\n\t\t\t\t\t<h2 class=\"elementor-heading-title elementor-size-default\">Kontrollieren Sie Ihre Medieninvestitionen, mit den richtigen Tools f\u00fcr Tracking und Datenvisualisierung!  <\/h2>\t\t\t\t<\/div>\n\t\t\t\t<\/div>\n\t\t\t\t<div class=\"elementor-element elementor-element-1623e62 elementor-widget elementor-widget-text-editor\" data-id=\"1623e62\" data-element_type=\"widget\" data-e-type=\"widget\" data-widget_type=\"text-editor.default\">\n\t\t\t\t<div class=\"elementor-widget-container\">\n\t\t\t\t\t\t\t\t\t<p>Der Einzug der digitalen Welt in die Werbebranche hat neue M\u00f6glichkeiten geschaffen um Mediainvestitionen zu messen sowie Kampagnen in Echtzeit zu kontrollieren.<\/p><p>Die Herausforderungen bleiben jedoch zahlreich, insbesondere bez\u00fcglich der Entwicklung der Richtlinien und bez\u00fcglich der Attribution der Ergebnisse in einer Omnichannel-Strategie.<\/p><p>Das Sammeln von Daten nach allen Regelnder Kunst sowie ihre Nutzbarmachung erfordern ein hohes Ma\u00df an Fachwissen, dieses muss zudem stetig den neuen Entwicklungen angepasst werden. Um alle diese Herausforderungen zu meistern, unterst\u00fctzt Mediamix Sie bei der Einf\u00fchrung Ihres Trackings und beim Aufbau von Tools f\u00fcr die Datenvisualisierung.<\/p><p>Ein korrektes Tracking und Dashboards zur Nachverfolgung ist eine Grundvoraussetzung f\u00fcr jeden Kampagnenstart. Diese Tools sind sowohl f\u00fcr Mediaeink\u00e4ufer als auch f\u00fcr Werbetreibende unerl\u00e4sslich. Sie sind Grundlage dazu um Entscheidungen zu treffen und die Investition zu optimieren.<\/p><p>\u00a0<\/p>\t\t\t\t\t\t\t\t<\/div>\n\t\t\t\t<\/div>\n\t\t\t\t\t<\/div>\n\t\t<\/div>\n\t\t\t\t<div class=\"elementor-column elementor-col-50 elementor-top-column elementor-element elementor-element-ebc89fe\" data-id=\"ebc89fe\" data-element_type=\"column\" data-e-type=\"column\">\n\t\t\t<div class=\"elementor-widget-wrap elementor-element-populated\">\n\t\t\t\t\t\t<div class=\"elementor-element elementor-element-3fb18f8 elementor-widget elementor-widget-image\" data-id=\"3fb18f8\" data-element_type=\"widget\" data-e-type=\"widget\" data-widget_type=\"image.default\">\n\t\t\t\t<div class=\"elementor-widget-container\">\n\t\t\t\t\t\t\t\t\t\t\t\t\t\t\t<img fetchpriority=\"high\" decoding=\"async\" width=\"677\" height=\"815\" src=\"https:\/\/www.mediamix.ch\/wp-content\/uploads\/2023\/06\/SEO_new.jpg\" class=\"attachment-large size-large wp-image-9333\" alt=\"\" srcset=\"https:\/\/www.mediamix.ch\/wp-content\/uploads\/2023\/06\/SEO_new.jpg 677w, https:\/\/www.mediamix.ch\/wp-content\/uploads\/2023\/06\/SEO_new-249x300.jpg 249w, https:\/\/www.mediamix.ch\/wp-content\/uploads\/2023\/06\/SEO_new-10x12.jpg 10w\" sizes=\"(max-width: 677px) 100vw, 677px\" \/>\t\t\t\t\t\t\t\t\t\t\t\t\t\t\t<\/div>\n\t\t\t\t<\/div>\n\t\t\t\t\t<\/div>\n\t\t<\/div>\n\t\t\t\t\t<\/div>\n\t\t<\/section>\n\t\t\t\t<section class=\"elementor-section elementor-top-section elementor-element elementor-element-39876bd elementor-section-stretched elementor-section-boxed elementor-section-height-default elementor-section-height-default\" data-id=\"39876bd\" data-element_type=\"section\" data-e-type=\"section\" data-settings=\"{&quot;jet_parallax_layout_list&quot;:[],&quot;stretch_section&quot;:&quot;section-stretched&quot;}\">\n\t\t\t\t\t\t<div class=\"elementor-container elementor-column-gap-default\">\n\t\t\t\t\t<div class=\"elementor-column elementor-col-33 elementor-top-column elementor-element elementor-element-b4e0789\" data-id=\"b4e0789\" data-element_type=\"column\" data-e-type=\"column\">\n\t\t\t<div class=\"elementor-widget-wrap elementor-element-populated\">\n\t\t\t\t\t\t<div class=\"elementor-element elementor-element-c638349 elementor-flip-box--effect-push elementor-flip-box--direction-up elementor-widget elementor-widget-flip-box\" data-id=\"c638349\" data-element_type=\"widget\" data-e-type=\"widget\" data-widget_type=\"flip-box.default\">\n\t\t\t\t<div class=\"elementor-widget-container\">\n\t\t\t\t\t\t\t<div class=\"elementor-flip-box\" tabindex=\"0\">\n\t\t\t<div class=\"elementor-flip-box__layer elementor-flip-box__front\">\n\t\t\t\t<div class=\"elementor-flip-box__layer__overlay\">\n\t\t\t\t\t<div class=\"elementor-flip-box__layer__inner\">\n\t\t\t\t\t\t\n\t\t\t\t\t\t\t\t\t\t\t\t\t<h3 class=\"elementor-flip-box__layer__title\">\n\t\t\t\t\t\t\t\tTracking \t\t\t\t\t\t\t<\/h3>\n\t\t\t\t\t\t\n\t\t\t\t\t\t\t\t\t\t\t<\/div>\n\t\t\t\t<\/div>\n\t\t\t<\/div>\n\t\t\t<a class=\"elementor-flip-box__layer elementor-flip-box__back\" href=\"https:\/\/www.mediamix.ch\/de\/expertises\/data-mesures\/tracking-webanalytics\">\n\t\t\t<div class=\"elementor-flip-box__layer__overlay\">\n\t\t\t\t<div class=\"elementor-flip-box__layer__inner\">\n\t\t\t\t\t\n\t\t\t\t\t\t\t\t\t\t\t<div class=\"elementor-flip-box__layer__description\">\n\t\t\t\t\t\t\tUnsere Experten begleiten Sie bei den Themen Messung, Tracking und Analysetools konfigurieren, was Sie brauchen.\t\t\t\t\t\t<\/div>\n\t\t\t\t\t\n\t\t\t\t\t\t\t\t<\/div>\n\t\t<\/div>\n\t\t<\/a>\n\t\t<\/div>\n\t\t\t\t\t\t<\/div>\n\t\t\t\t<\/div>\n\t\t\t\t<div class=\"elementor-element elementor-element-dbf0795 elementor-widget elementor-widget-image\" data-id=\"dbf0795\" data-element_type=\"widget\" data-e-type=\"widget\" data-widget_type=\"image.default\">\n\t\t\t\t<div class=\"elementor-widget-container\">\n\t\t\t\t\t\t\t\t\t\t\t\t\t\t\t\t<a href=\"https:\/\/www.mediamix.ch\/de\/expertises\/data-mesures\/tracking-webanalytics\">\n\t\t\t\t\t\t\t<img decoding=\"async\" width=\"122\" height=\"106\" src=\"https:\/\/www.mediamix.ch\/wp-content\/uploads\/2023\/06\/picto_audit.png\" class=\"attachment-large size-large wp-image-9193\" alt=\"\" srcset=\"https:\/\/www.mediamix.ch\/wp-content\/uploads\/2023\/06\/picto_audit.png 122w, https:\/\/www.mediamix.ch\/wp-content\/uploads\/2023\/06\/picto_audit-14x12.png 14w\" sizes=\"(max-width: 122px) 100vw, 122px\" \/>\t\t\t\t\t\t\t\t<\/a>\n\t\t\t\t\t\t\t\t\t\t\t\t\t\t\t<\/div>\n\t\t\t\t<\/div>\n\t\t\t\t\t<\/div>\n\t\t<\/div>\n\t\t\t\t<div class=\"elementor-column elementor-col-33 elementor-top-column elementor-element elementor-element-670a24f\" data-id=\"670a24f\" data-element_type=\"column\" data-e-type=\"column\">\n\t\t\t<div class=\"elementor-widget-wrap elementor-element-populated\">\n\t\t\t\t\t\t<div class=\"elementor-element elementor-element-83d99c7 elementor-flip-box--effect-push elementor-flip-box--direction-up elementor-widget elementor-widget-flip-box\" data-id=\"83d99c7\" data-element_type=\"widget\" data-e-type=\"widget\" data-widget_type=\"flip-box.default\">\n\t\t\t\t<div class=\"elementor-widget-container\">\n\t\t\t\t\t\t\t<div class=\"elementor-flip-box\" tabindex=\"0\">\n\t\t\t<div class=\"elementor-flip-box__layer elementor-flip-box__front\">\n\t\t\t\t<div class=\"elementor-flip-box__layer__overlay\">\n\t\t\t\t\t<div class=\"elementor-flip-box__layer__inner\">\n\t\t\t\t\t\t\n\t\t\t\t\t\t\t\t\t\t\t\t\t<h3 class=\"elementor-flip-box__layer__title\">\n\t\t\t\t\t\t\t\tData visualisation\t\t\t\t\t\t\t<\/h3>\n\t\t\t\t\t\t\n\t\t\t\t\t\t\t\t\t\t\t<\/div>\n\t\t\t\t<\/div>\n\t\t\t<\/div>\n\t\t\t<a class=\"elementor-flip-box__layer elementor-flip-box__back\" href=\"https:\/\/www.mediamix.ch\/de\/expertises\/data-mesures\/data-visualisation\">\n\t\t\t<div class=\"elementor-flip-box__layer__overlay\">\n\t\t\t\t<div class=\"elementor-flip-box__layer__inner\">\n\t\t\t\t\t\n\t\t\t\t\t\t\t\t\t\t\t<div class=\"elementor-flip-box__layer__description\">\n\t\t\t\t\t\t\tUnsere Experten f\u00fcr Datavisualisierung werden Ihnen helfen, Ihre Medienaktivit\u00e4ten optimal zu steuern.\t\t\t\t\t\t<\/div>\n\t\t\t\t\t\n\t\t\t\t\t\t\t\t<\/div>\n\t\t<\/div>\n\t\t<\/a>\n\t\t<\/div>\n\t\t\t\t\t\t<\/div>\n\t\t\t\t<\/div>\n\t\t\t\t<div class=\"elementor-element elementor-element-3732b1a elementor-widget elementor-widget-image\" data-id=\"3732b1a\" data-element_type=\"widget\" data-e-type=\"widget\" data-widget_type=\"image.default\">\n\t\t\t\t<div class=\"elementor-widget-container\">\n\t\t\t\t\t\t\t\t\t\t\t\t\t\t\t\t<a href=\"https:\/\/www.mediamix.ch\/de\/expertises\/data-mesures\/data-visualisation\">\n\t\t\t\t\t\t\t<img decoding=\"async\" width=\"122\" height=\"106\" src=\"https:\/\/www.mediamix.ch\/wp-content\/uploads\/2023\/06\/pictodatav.png\" class=\"attachment-large size-large wp-image-9212\" alt=\"\" srcset=\"https:\/\/www.mediamix.ch\/wp-content\/uploads\/2023\/06\/pictodatav.png 122w, https:\/\/www.mediamix.ch\/wp-content\/uploads\/2023\/06\/pictodatav-14x12.png 14w\" sizes=\"(max-width: 122px) 100vw, 122px\" \/>\t\t\t\t\t\t\t\t<\/a>\n\t\t\t\t\t\t\t\t\t\t\t\t\t\t\t<\/div>\n\t\t\t\t<\/div>\n\t\t\t\t\t<\/div>\n\t\t<\/div>\n\t\t\t\t<div class=\"elementor-column elementor-col-33 elementor-top-column elementor-element elementor-element-2c19ed3\" data-id=\"2c19ed3\" data-element_type=\"column\" data-e-type=\"column\">\n\t\t\t<div class=\"elementor-widget-wrap\">\n\t\t\t\t\t\t\t<\/div>\n\t\t<\/div>\n\t\t\t\t\t<\/div>\n\t\t<\/section>\n\t\t\t\t<\/div>","protected":false},"excerpt":{"rendered":"<p>D\u00e9couvrez les outils et ressources de Mediamix pour mesurer les r\u00e9sultats des campagnes. Contr\u00f4lez votre investissement media en ayant les bons outils de tracking et de datavisualisation ! L\u2019av\u00e8nement du digital dans le monde de la publicit\u00e9 a g\u00e9n\u00e9r\u00e9 de nouvelles capacit\u00e9s pour mesurer les investissements media et piloter les campagnes en temps r\u00e9el. Les [&hellip;]<\/p>\n","protected":false},"author":2,"featured_media":0,"parent":36,"menu_order":18,"comment_status":"closed","ping_status":"closed","template":"","meta":{"footnotes":""},"class_list":["post-444","page","type-page","status-publish","hentry"],"yoast_head":"<!-- This site is optimized with the Yoast SEO Premium plugin v27.5 (Yoast SEO v27.5) - https:\/\/yoast.com\/product\/yoast-seo-premium-wordpress\/ -->\n<title>Data &amp; Mesures pour un meilleur pilotage des campagnes \u00a6 Mediamix<\/title>\n<meta name=\"description\" content=\"Chez Mediamix, nos services Data &amp; mesures sont adapt\u00e9s sp\u00e9cifiquement aux campagnes publicitaires r\u00e9alis\u00e9s par des experts media : dashboards, tracking, UTM\" \/>\n<meta name=\"robots\" content=\"index, follow, max-snippet:-1, max-image-preview:large, max-video-preview:-1\" \/>\n<link rel=\"canonical\" href=\"https:\/\/www.mediamix.ch\/de\/fachkenntnis\/daten-messungen\/\" \/>\n<meta property=\"og:locale\" content=\"de_DE\" \/>\n<meta property=\"og:type\" content=\"article\" \/>\n<meta property=\"og:title\" content=\"Data &amp; mesures\" \/>\n<meta property=\"og:description\" content=\"Chez Mediamix, nos services Data &amp; mesures sont adapt\u00e9s sp\u00e9cifiquement aux campagnes publicitaires r\u00e9alis\u00e9s par des experts media : dashboards, tracking, UTM\" \/>\n<meta property=\"og:url\" content=\"https:\/\/www.mediamix.ch\/de\/fachkenntnis\/daten-messungen\/\" \/>\n<meta property=\"og:site_name\" content=\"Mediamix\" \/>\n<meta property=\"article:publisher\" content=\"https:\/\/www.facebook.com\/mediamixsa\/\" \/>\n<meta property=\"article:modified_time\" content=\"2023-06-14T08:21:21+00:00\" \/>\n<meta property=\"og:image\" content=\"https:\/\/www.mediamix.ch\/wp-content\/uploads\/2023\/06\/SEO_new.jpg\" \/>\n<meta name=\"twitter:card\" content=\"summary_large_image\" \/>\n<meta name=\"twitter:site\" content=\"@MediamixSa\" \/>\n<meta name=\"twitter:label1\" content=\"Gesch\u00e4tzte Lesezeit\" \/>\n\t<meta name=\"twitter:data1\" content=\"2\u00a0Minuten\" \/>\n<script type=\"application\/ld+json\" class=\"yoast-schema-graph\">{\"@context\":\"https:\\\/\\\/schema.org\",\"@graph\":[{\"@type\":\"WebPage\",\"@id\":\"https:\\\/\\\/www.mediamix.ch\\\/expertises\\\/data-mesures\",\"url\":\"https:\\\/\\\/www.mediamix.ch\\\/expertises\\\/data-mesures\",\"name\":\"Data & Mesures pour un meilleur pilotage des campagnes \u00a6 Mediamix\",\"isPartOf\":{\"@id\":\"https:\\\/\\\/www.mediamix.ch\\\/#website\"},\"primaryImageOfPage\":{\"@id\":\"https:\\\/\\\/www.mediamix.ch\\\/expertises\\\/data-mesures#primaryimage\"},\"image\":{\"@id\":\"https:\\\/\\\/www.mediamix.ch\\\/expertises\\\/data-mesures#primaryimage\"},\"thumbnailUrl\":\"https:\\\/\\\/www.mediamix.ch\\\/wp-content\\\/uploads\\\/2023\\\/06\\\/SEO_new.jpg\",\"datePublished\":\"2023-03-09T15:02:59+00:00\",\"dateModified\":\"2023-06-14T08:21:21+00:00\",\"description\":\"Chez Mediamix, nos services Data & mesures sont adapt\u00e9s sp\u00e9cifiquement aux campagnes publicitaires r\u00e9alis\u00e9s par des experts media : dashboards, tracking, UTM\",\"breadcrumb\":{\"@id\":\"https:\\\/\\\/www.mediamix.ch\\\/expertises\\\/data-mesures#breadcrumb\"},\"inLanguage\":\"de\",\"potentialAction\":[{\"@type\":\"ReadAction\",\"target\":[\"https:\\\/\\\/www.mediamix.ch\\\/expertises\\\/data-mesures\"]}]},{\"@type\":\"ImageObject\",\"inLanguage\":\"de\",\"@id\":\"https:\\\/\\\/www.mediamix.ch\\\/expertises\\\/data-mesures#primaryimage\",\"url\":\"https:\\\/\\\/www.mediamix.ch\\\/wp-content\\\/uploads\\\/2023\\\/06\\\/SEO_new.jpg\",\"contentUrl\":\"https:\\\/\\\/www.mediamix.ch\\\/wp-content\\\/uploads\\\/2023\\\/06\\\/SEO_new.jpg\"},{\"@type\":\"BreadcrumbList\",\"@id\":\"https:\\\/\\\/www.mediamix.ch\\\/expertises\\\/data-mesures#breadcrumb\",\"itemListElement\":[{\"@type\":\"ListItem\",\"position\":1,\"name\":\"Accueil\",\"item\":\"https:\\\/\\\/www.mediamix.ch\\\/\"},{\"@type\":\"ListItem\",\"position\":2,\"name\":\"Expertises\",\"item\":\"https:\\\/\\\/www.mediamix.ch\\\/expertises\"},{\"@type\":\"ListItem\",\"position\":3,\"name\":\"Data &#038; mesures\"}]},{\"@type\":\"WebSite\",\"@id\":\"https:\\\/\\\/www.mediamix.ch\\\/#website\",\"url\":\"https:\\\/\\\/www.mediamix.ch\\\/\",\"name\":\"Mediamix\",\"description\":\"International media experts\",\"publisher\":{\"@id\":\"https:\\\/\\\/www.mediamix.ch\\\/#organization\"},\"potentialAction\":[{\"@type\":\"SearchAction\",\"target\":{\"@type\":\"EntryPoint\",\"urlTemplate\":\"https:\\\/\\\/www.mediamix.ch\\\/?s={search_term_string}\"},\"query-input\":{\"@type\":\"PropertyValueSpecification\",\"valueRequired\":true,\"valueName\":\"search_term_string\"}}],\"inLanguage\":\"de\"},{\"@type\":\"Organization\",\"@id\":\"https:\\\/\\\/www.mediamix.ch\\\/#organization\",\"name\":\"Mediamix\",\"url\":\"https:\\\/\\\/www.mediamix.ch\\\/\",\"logo\":{\"@type\":\"ImageObject\",\"inLanguage\":\"de\",\"@id\":\"https:\\\/\\\/www.mediamix.ch\\\/#\\\/schema\\\/logo\\\/image\\\/\",\"url\":\"https:\\\/\\\/www.mediamix.ch\\\/wp-content\\\/uploads\\\/2023\\\/02\\\/Logo-blanc.png\",\"contentUrl\":\"https:\\\/\\\/www.mediamix.ch\\\/wp-content\\\/uploads\\\/2023\\\/02\\\/Logo-blanc.png\",\"width\":215,\"height\":52,\"caption\":\"Mediamix\"},\"image\":{\"@id\":\"https:\\\/\\\/www.mediamix.ch\\\/#\\\/schema\\\/logo\\\/image\\\/\"},\"sameAs\":[\"https:\\\/\\\/www.facebook.com\\\/mediamixsa\\\/\",\"https:\\\/\\\/x.com\\\/MediamixSa\",\"https:\\\/\\\/www.linkedin.com\\\/company\\\/mediamix-sa\\\/\",\"https:\\\/\\\/www.youtube.com\\\/channel\\\/UCcoZdvsRrE0zpAQGkpCbh-A\",\"https:\\\/\\\/www.instagram.com\\\/mediamixsa\\\/\",\"https:\\\/\\\/www.pinterest.fr\\\/MediamixSA\\\/\"]}]}<\/script>\n<!-- \/ Yoast SEO Premium plugin. -->","yoast_head_json":{"title":"Data &amp; Analysen f\u00fcr eine bessere Kontrolle der Kampagnen \u00a6 Mediamix","description":"Unsere Data&amp;Analysen Services sind spezifisch auf Werbekampagnen zugeschnitten, die von Medienexperten durchgef\u00fchrt werden: Dashboards, Tracking, UTM","robots":{"index":"index","follow":"follow","max-snippet":"max-snippet:-1","max-image-preview":"max-image-preview:large","max-video-preview":"max-video-preview:-1"},"canonical":"https:\/\/www.mediamix.ch\/de\/fachkenntnis\/daten-messungen\/","og_locale":"de_DE","og_type":"article","og_title":"Data & mesures","og_description":"Chez Mediamix, nos services Data & mesures sont adapt\u00e9s sp\u00e9cifiquement aux campagnes publicitaires r\u00e9alis\u00e9s par des experts media : dashboards, tracking, UTM","og_url":"https:\/\/www.mediamix.ch\/de\/fachkenntnis\/daten-messungen\/","og_site_name":"Mediamix","article_publisher":"https:\/\/www.facebook.com\/mediamixsa\/","article_modified_time":"2023-06-14T08:21:21+00:00","og_image":[{"url":"https:\/\/www.mediamix.ch\/wp-content\/uploads\/2023\/06\/SEO_new.jpg","type":"","width":"","height":""}],"twitter_card":"summary_large_image","twitter_site":"@MediamixSa","twitter_misc":{"Gesch\u00e4tzte Lesezeit":"2\u00a0Minuten"},"schema":{"@context":"https:\/\/schema.org","@graph":[{"@type":"WebPage","@id":"https:\/\/www.mediamix.ch\/expertises\/data-mesures","url":"https:\/\/www.mediamix.ch\/expertises\/data-mesures","name":"Data &amp; Analysen f\u00fcr eine bessere Kontrolle der Kampagnen \u00a6 Mediamix","isPartOf":{"@id":"https:\/\/www.mediamix.ch\/#website"},"primaryImageOfPage":{"@id":"https:\/\/www.mediamix.ch\/expertises\/data-mesures#primaryimage"},"image":{"@id":"https:\/\/www.mediamix.ch\/expertises\/data-mesures#primaryimage"},"thumbnailUrl":"https:\/\/www.mediamix.ch\/wp-content\/uploads\/2023\/06\/SEO_new.jpg","datePublished":"2023-03-09T15:02:59+00:00","dateModified":"2023-06-14T08:21:21+00:00","description":"Unsere Data&amp;Analysen Services sind spezifisch auf Werbekampagnen zugeschnitten, die von Medienexperten durchgef\u00fchrt werden: Dashboards, Tracking, UTM","breadcrumb":{"@id":"https:\/\/www.mediamix.ch\/expertises\/data-mesures#breadcrumb"},"inLanguage":"de","potentialAction":[{"@type":"ReadAction","target":["https:\/\/www.mediamix.ch\/expertises\/data-mesures"]}]},{"@type":"ImageObject","inLanguage":"de","@id":"https:\/\/www.mediamix.ch\/expertises\/data-mesures#primaryimage","url":"https:\/\/www.mediamix.ch\/wp-content\/uploads\/2023\/06\/SEO_new.jpg","contentUrl":"https:\/\/www.mediamix.ch\/wp-content\/uploads\/2023\/06\/SEO_new.jpg"},{"@type":"BreadcrumbList","@id":"https:\/\/www.mediamix.ch\/expertises\/data-mesures#breadcrumb","itemListElement":[{"@type":"ListItem","position":1,"name":"Accueil","item":"https:\/\/www.mediamix.ch\/"},{"@type":"ListItem","position":2,"name":"Expertises","item":"https:\/\/www.mediamix.ch\/expertises"},{"@type":"ListItem","position":3,"name":"Data &#038; mesures"}]},{"@type":"WebSite","@id":"https:\/\/www.mediamix.ch\/#website","url":"https:\/\/www.mediamix.ch\/","name":"Mediamix","description":"International media experts","publisher":{"@id":"https:\/\/www.mediamix.ch\/#organization"},"potentialAction":[{"@type":"SearchAction","target":{"@type":"EntryPoint","urlTemplate":"https:\/\/www.mediamix.ch\/?s={search_term_string}"},"query-input":{"@type":"PropertyValueSpecification","valueRequired":true,"valueName":"search_term_string"}}],"inLanguage":"de"},{"@type":"Organization","@id":"https:\/\/www.mediamix.ch\/#organization","name":"Mediamix","url":"https:\/\/www.mediamix.ch\/","logo":{"@type":"ImageObject","inLanguage":"de","@id":"https:\/\/www.mediamix.ch\/#\/schema\/logo\/image\/","url":"https:\/\/www.mediamix.ch\/wp-content\/uploads\/2023\/02\/Logo-blanc.png","contentUrl":"https:\/\/www.mediamix.ch\/wp-content\/uploads\/2023\/02\/Logo-blanc.png","width":215,"height":52,"caption":"Mediamix"},"image":{"@id":"https:\/\/www.mediamix.ch\/#\/schema\/logo\/image\/"},"sameAs":["https:\/\/www.facebook.com\/mediamixsa\/","https:\/\/x.com\/MediamixSa","https:\/\/www.linkedin.com\/company\/mediamix-sa\/","https:\/\/www.youtube.com\/channel\/UCcoZdvsRrE0zpAQGkpCbh-A","https:\/\/www.instagram.com\/mediamixsa\/","https:\/\/www.pinterest.fr\/MediamixSA\/"]}]}},"_links":{"self":[{"href":"https:\/\/www.mediamix.ch\/de\/wp-json\/wp\/v2\/pages\/444","targetHints":{"allow":["GET"]}}],"collection":[{"href":"https:\/\/www.mediamix.ch\/de\/wp-json\/wp\/v2\/pages"}],"about":[{"href":"https:\/\/www.mediamix.ch\/de\/wp-json\/wp\/v2\/types\/page"}],"author":[{"embeddable":true,"href":"https:\/\/www.mediamix.ch\/de\/wp-json\/wp\/v2\/users\/2"}],"replies":[{"embeddable":true,"href":"https:\/\/www.mediamix.ch\/de\/wp-json\/wp\/v2\/comments?post=444"}],"version-history":[{"count":98,"href":"https:\/\/www.mediamix.ch\/de\/wp-json\/wp\/v2\/pages\/444\/revisions"}],"predecessor-version":[{"id":10767,"href":"https:\/\/www.mediamix.ch\/de\/wp-json\/wp\/v2\/pages\/444\/revisions\/10767"}],"up":[{"embeddable":true,"href":"https:\/\/www.mediamix.ch\/de\/wp-json\/wp\/v2\/pages\/36"}],"wp:attachment":[{"href":"https:\/\/www.mediamix.ch\/de\/wp-json\/wp\/v2\/media?parent=444"}],"curies":[{"name":"wp","href":"https:\/\/api.w.org\/{rel}","templated":true}]}}