{"id":12298,"date":"2026-03-26T09:06:42","date_gmt":"2026-03-26T08:06:42","guid":{"rendered":"https:\/\/www.mediamix.ch\/?page_id=12298"},"modified":"2026-04-16T09:23:51","modified_gmt":"2026-04-16T07:23:51","slug":"declaration-daccessibilite","status":"publish","type":"page","link":"https:\/\/www.mediamix.ch\/en\/declaration-daccessibilite","title":{"rendered":"Declaration d&rsquo;accessibilit\u00e9"},"content":{"rendered":"<div data-elementor-type=\"wp-page\" data-elementor-id=\"12298\" class=\"elementor elementor-12298\" data-elementor-post-type=\"page\">\n\t\t\t\t\t\t<section class=\"elementor-section elementor-top-section elementor-element elementor-element-90927ce elementor-section-height-min-height elementor-section-full_width elementor-section-height-default elementor-section-items-middle\" data-id=\"90927ce\" data-element_type=\"section\" data-e-type=\"section\" data-settings=\"{&quot;background_background&quot;:&quot;classic&quot;,&quot;jet_parallax_layout_list&quot;:[]}\">\n\t\t\t\t\t\t\t<div class=\"elementor-background-overlay\"><\/div>\n\t\t\t\t\t\t\t<div class=\"elementor-container elementor-column-gap-default\">\n\t\t\t\t\t<div class=\"elementor-column elementor-col-100 elementor-top-column elementor-element elementor-element-d129e1e\" data-id=\"d129e1e\" data-element_type=\"column\" data-e-type=\"column\">\n\t\t\t<div class=\"elementor-widget-wrap elementor-element-populated\">\n\t\t\t\t\t\t<section class=\"elementor-section elementor-inner-section elementor-element elementor-element-091b429 elementor-section-full_width elementor-section-content-middle elementor-section-height-default elementor-section-height-default\" data-id=\"091b429\" data-element_type=\"section\" data-e-type=\"section\" data-settings=\"{&quot;jet_parallax_layout_list&quot;:[]}\">\n\t\t\t\t\t\t<div class=\"elementor-container elementor-column-gap-default\">\n\t\t\t\t\t<div class=\"elementor-column elementor-col-100 elementor-inner-column elementor-element elementor-element-6087d57\" data-id=\"6087d57\" data-element_type=\"column\" data-e-type=\"column\" data-settings=\"{&quot;background_background&quot;:&quot;classic&quot;}\">\n\t\t\t<div class=\"elementor-widget-wrap elementor-element-populated\">\n\t\t\t\t\t\t<div class=\"elementor-element elementor-element-db32316 elementor-widget elementor-widget-heading\" data-id=\"db32316\" data-element_type=\"widget\" data-e-type=\"widget\" data-widget_type=\"heading.default\">\n\t\t\t\t<div class=\"elementor-widget-container\">\n\t\t\t\t\t<h1 class=\"elementor-heading-title elementor-size-default\">Declaration d&rsquo;accessibilit\u00e9<\/h1>\t\t\t\t<\/div>\n\t\t\t\t<\/div>\n\t\t\t\t\t<\/div>\n\t\t<\/div>\n\t\t\t\t\t<\/div>\n\t\t<\/section>\n\t\t\t\t\t<\/div>\n\t\t<\/div>\n\t\t\t\t\t<\/div>\n\t\t<\/section>\n\t\t\t\t<section class=\"elementor-section elementor-top-section elementor-element elementor-element-834b7b4 elementor-section-stretched elementor-section-content-top elementor-section-boxed elementor-section-height-default elementor-section-height-default\" data-id=\"834b7b4\" data-element_type=\"section\" data-e-type=\"section\" data-settings=\"{&quot;stretch_section&quot;:&quot;section-stretched&quot;,&quot;jet_parallax_layout_list&quot;:[]}\">\n\t\t\t\t\t\t<div class=\"elementor-container elementor-column-gap-default\">\n\t\t\t\t\t<div class=\"elementor-column elementor-col-50 elementor-top-column elementor-element elementor-element-9411d62\" data-id=\"9411d62\" data-element_type=\"column\" data-e-type=\"column\">\n\t\t\t<div class=\"elementor-widget-wrap elementor-element-populated\">\n\t\t\t\t\t\t<div class=\"elementor-element elementor-element-9043026 elementor-widget elementor-widget-text-editor\" data-id=\"9043026\" data-element_type=\"widget\" data-e-type=\"widget\" data-widget_type=\"text-editor.default\">\n\t\t\t\t<div class=\"elementor-widget-container\">\n\t\t\t\t\t\t\t\t\t<p><strong>Mediamix<\/strong> s\u2019engage \u00e0 rendre son site internet accessible conform\u00e9ment aux exigences de la norme suisse eCH-0059 et aux Web Content Accessibility Guidelines (WCAG) 2.1, niveau de conformit\u00e9 AA.<\/p>\n<p>Cette d\u00e9claration d\u2019accessibilit\u00e9 s\u2019applique \u00e0 <strong>https:\/\/www.mediamix.ch\/<\/strong>.<\/p>\n<h2>\u00c9tat de conformit\u00e9<\/h2>\n<p>Ce site est <strong>partiellement conforme<\/strong> aux WCAG 2.1 niveau AA.<\/p>\n<p>Cette non-conformit\u00e9 est due \u00e0 des insuffisances identifi\u00e9es lors d\u2019un audit d\u2019accessibilit\u00e9.<\/p>\n<h3>R\u00e9sultats des tests<\/h3>\n<p>Un audit d\u2019accessibilit\u00e9 a \u00e9t\u00e9 r\u00e9alis\u00e9 par la soci\u00e9t\u00e9 <b>UKOO<\/b>.<\/p>\n<p>R\u00e9sultats :<\/p>\n<ul data-spread=\"false\">\n<li>Taux de conformit\u00e9 estim\u00e9 (r\u00e9f\u00e9rentiel RGAA) : <strong>54 %<\/strong><\/li>\n<li>Ce score indique que plusieurs crit\u00e8res WCAG niveau A et AA ne sont pas encore respect\u00e9s.<\/li>\n<\/ul>\n<div>&nbsp;<\/div>\n<h2>\u00c9tablissement de cette d\u00e9claration d\u2019accessibilit\u00e9<\/h2>\n<p>Un audit d\u2019accessibilit\u00e9 a \u00e9t\u00e9 r\u00e9alis\u00e9 le 26 mars 2026.<\/p>\n<h3>Technologies utilis\u00e9es pour la r\u00e9alisation de l\u2019audit<\/h3>\n<ul>\n<li>html<\/li>\n<li>css<\/li>\n<li>javascript<\/li>\n<\/ul>\n<h3>Environnement de test<\/h3>\n<p>Les v\u00e9rifications de restitution de contenus ont \u00e9t\u00e9 r\u00e9alis\u00e9es sur la base de la combinaison fournie par la base de r\u00e9f\u00e9rence du RGAA, avec les versions suivantes&nbsp;:<\/p>\n<ul>\n<li>Sur Mobile Android avec Google Chrome et Talkback<\/li>\n<li>Sur Mobile iOS avec Safari et VoiceOver<\/li>\n<li>Sur Ordinateur MacOS avec Safari et VoiceOver<\/li>\n<li>Sur Ordinateur Windows avec Firefox et JAWS<\/li>\n<li>Sur Ordinateur Windows avec Microsoft Edge et JAWS<\/li>\n<li>Sur Ordinateur Windows avec Firefox et NVDA<\/li>\n<li>Sur Ordinateur Windows avec Microsoft Edge et NVDA<\/li>\n<\/ul>\n<h3>Outils pour \u00e9valuer l\u2019accessibilit\u00e9<\/h3>\n<h3><span style=\"background-color: transparent; font-size: 18px; font-family: Raleway, sans-serif;\">L\u2019accessibilit\u00e9 a \u00e9t\u00e9 \u00e9valu\u00e9e \u00e0 l\u2019aide des m\u00e9thodes suivantes :<\/span><\/h3>\n<div>\n<ul data-spread=\"false\">\n<li>audit bas\u00e9 sur le r\u00e9f\u00e9rentiel RGAA<\/li>\n<li>tests de navigation au clavier<\/li>\n<li>utilisation de lecteurs d\u2019\u00e9cran<\/li>\n<li>outils automatiques d\u2019analyse<\/li>\n<li style=\"font-size: 18px;\">Web Developer Toolbar<\/li>\n<li style=\"font-size: 18px;\">WCAG Contrast checker<\/li>\n<li style=\"font-size: 18px;\">Assistant RGAA<\/li>\n<\/ul>\n<\/div>\n<h3>Pages du site ayant fait l\u2019objet de la v\u00e9rification de conformit\u00e9<\/h3>\n<ul>\n<li>Home <strong>https:\/\/www.mediamix.ch\/<\/strong><\/li>\n<li>Contact us <strong>https:\/\/www.mediamix.ch\/contact<\/strong><\/li>\n<li>Sitemap <strong>https:\/\/www.mediamix.ch\/plan-du-site<\/strong><\/li>\n<li>Terms&amp;condition <strong>https:\/\/www.mediamix.ch\/mentions-legales<\/strong><\/li>\n<li>Paid Social Media <strong>https:\/\/www.mediamix.ch\/expertises\/media-digitaux\/paid-social-media<\/strong><\/li>\n<\/ul>\n<div><b>&nbsp;<\/b><\/div>\n<div>\n<h2>Contenus non accessibles<\/h2>\n<p>Les contenus list\u00e9s ci-dessous ne sont pas enti\u00e8rement accessibles :<\/p>\n<h3>Non-conformit\u00e9s principales<\/h3>\n<ul data-spread=\"false\">\n<li>Certains \u00e9l\u00e9ments pr\u00e9sentent des <strong>contrastes de couleurs insuffisants<\/strong><\/li>\n<li>Des <strong>images ou \u00e9l\u00e9ments graphiques<\/strong> ne disposent pas d\u2019alternatives textuelles pertinentes<\/li>\n<li>The <strong>navigation au clavier<\/strong> n\u2019est pas totalement fonctionnelle sur l\u2019ensemble du site<\/li>\n<li>Certains <strong>formulaires<\/strong> ne sont pas correctement associ\u00e9s \u00e0 leurs \u00e9tiquettes<\/li>\n<li>The <strong>structure des pages<\/strong> (titres, hi\u00e9rarchie) peut \u00eatre incoh\u00e9rente<\/li>\n<li>Certains composants dynamiques ne sont pas correctement interpr\u00e9t\u00e9s par les technologies d\u2019assistance<\/li>\n<\/ul>\n<div><br><\/div>\n<div>\n<h2>Am\u00e9lioration et plan d\u2019action<\/h2>\n<p>Mediamix.ch travaille actuellement \u00e0 l\u2019am\u00e9lioration de l\u2019accessibilit\u00e9 du site.<\/p>\n<p>Un plan de mise en conformit\u00e9 progressive est en cours, visant \u00e0 corriger en priorit\u00e9 les points bloquants pour les utilisateurs (navigation clavier, contrastes, formulaires).<\/p>\n<h2>Alternatives accessibles<\/h2>\n<p>Si vous rencontrez une difficult\u00e9 pour acc\u00e9der \u00e0 un contenu ou un service, vous pouvez nous contacter afin d\u2019obtenir une alternative accessible.<\/p>\n<h2>Retour d\u2019information et contact<\/h2>\n<\/div>\n<\/div>\n<p>Si vous n\u2019arrivez pas \u00e0 acc\u00e9der \u00e0 un contenu ou \u00e0 un service, vous pouvez contacter le responsable de https:\/\/www.mediamix.ch\/ pour \u00eatre orient\u00e9 vers une alternative accessible ou obtenir le contenu sous une autre forme.<\/p>\n<ul>\n<li>Envoyer un message <strong>https:\/\/www.mediamix.ch\/contact<\/strong><\/li>\n<\/ul>\n<h2>Voies de recours<\/h2>\n<p>Si vous n\u2019\u00eates pas satisfait de la r\u00e9ponse apport\u00e9e, vous pouvez vous adresser aux autorit\u00e9s comp\u00e9tentes en mati\u00e8re d\u2019\u00e9galit\u00e9 pour les personnes en situation de handicap en Suisse.<\/p><ul>\n<\/ul>\t\t\t\t\t\t\t\t<\/div>\n\t\t\t\t<\/div>\n\t\t\t\t\t<\/div>\n\t\t<\/div>\n\t\t\t\t<div class=\"elementor-column elementor-col-50 elementor-top-column elementor-element elementor-element-c62ded6\" data-id=\"c62ded6\" data-element_type=\"column\" data-e-type=\"column\">\n\t\t\t<div class=\"elementor-widget-wrap elementor-element-populated\">\n\t\t\t\t\t\t<div class=\"elementor-element elementor-element-81072c9 elementor-widget elementor-widget-image\" data-id=\"81072c9\" data-element_type=\"widget\" data-e-type=\"widget\" data-widget_type=\"image.default\">\n\t\t\t\t<div class=\"elementor-widget-container\">\n\t\t\t\t\t\t\t\t\t\t\t\t\t\t\t<img fetchpriority=\"high\" decoding=\"async\" width=\"679\" height=\"819\" src=\"https:\/\/www.mediamix.ch\/wp-content\/uploads\/2023\/04\/img-servicee1.jpg\" class=\"attachment-large size-large wp-image-2927\" alt=\"\" srcset=\"https:\/\/www.mediamix.ch\/wp-content\/uploads\/2023\/04\/img-servicee1.jpg 679w, https:\/\/www.mediamix.ch\/wp-content\/uploads\/2023\/04\/img-servicee1-249x300.jpg 249w, https:\/\/www.mediamix.ch\/wp-content\/uploads\/2023\/04\/img-servicee1-10x12.jpg 10w\" sizes=\"(max-width: 679px) 100vw, 679px\" \/>\t\t\t\t\t\t\t\t\t\t\t\t\t\t\t<\/div>\n\t\t\t\t<\/div>\n\t\t\t\t\t<\/div>\n\t\t<\/div>\n\t\t\t\t\t<\/div>\n\t\t<\/section>\n\t\t\t\t<\/div>","protected":false},"excerpt":{"rendered":"<p>Mediamix s\u2019engage \u00e0 rendre son site internet accessible conform\u00e9ment aux exigences de la norme suisse eCH-0059 et aux Web Content Accessibility Guidelines (WCAG) 2.1, niveau de conformit\u00e9 AA. Cette d\u00e9claration d\u2019accessibilit\u00e9 s\u2019applique \u00e0 https:\/\/www.mediamix.ch\/. \u00c9tat de conformit\u00e9 Ce site est partiellement conforme aux WCAG 2.1 niveau AA. Cette non-conformit\u00e9 est due \u00e0 des insuffisances identifi\u00e9es [&hellip;]<\/p>\n","protected":false},"author":1,"featured_media":0,"parent":0,"menu_order":36,"comment_status":"closed","ping_status":"closed","template":"","meta":{"footnotes":""},"class_list":["post-12298","page","type-page","status-publish","hentry"],"yoast_head":"<!-- This site is optimized with the Yoast SEO Premium plugin v27.5 (Yoast SEO v27.5) - https:\/\/yoast.com\/product\/yoast-seo-premium-wordpress\/ -->\n<title>Declaration d&#039;accessibilit\u00e9 - Mediamix<\/title>\n<meta name=\"description\" content=\"Plan du site Mediamix - D\u00e9couvrez toutes nos pages concernant les m\u00e9dias traditionnels et les m\u00e9dias digitaux\" \/>\n<meta name=\"robots\" content=\"index, follow, max-snippet:-1, max-image-preview:large, max-video-preview:-1\" \/>\n<link rel=\"canonical\" href=\"https:\/\/www.mediamix.ch\/en\/declaration-daccessibilite\/\" \/>\n<meta property=\"og:locale\" content=\"en_US\" \/>\n<meta property=\"og:type\" content=\"article\" \/>\n<meta property=\"og:title\" content=\"Declaration d&#039;accessibilit\u00e9\" \/>\n<meta property=\"og:description\" content=\"Plan du site Mediamix - D\u00e9couvrez toutes nos pages concernant les m\u00e9dias traditionnels et les m\u00e9dias digitaux\" \/>\n<meta property=\"og:url\" content=\"https:\/\/www.mediamix.ch\/en\/declaration-daccessibilite\/\" \/>\n<meta property=\"og:site_name\" content=\"Mediamix\" \/>\n<meta property=\"article:publisher\" content=\"https:\/\/www.facebook.com\/mediamixsa\/\" \/>\n<meta property=\"article:modified_time\" content=\"2026-04-16T07:23:51+00:00\" \/>\n<meta property=\"og:image\" content=\"https:\/\/www.mediamix.ch\/wp-content\/uploads\/2023\/04\/img-servicee1.jpg\" \/>\n\t<meta property=\"og:image:width\" content=\"679\" \/>\n\t<meta property=\"og:image:height\" content=\"819\" \/>\n\t<meta property=\"og:image:type\" content=\"image\/jpeg\" \/>\n<meta name=\"twitter:card\" content=\"summary_large_image\" \/>\n<meta name=\"twitter:site\" content=\"@MediamixSa\" \/>\n<meta name=\"twitter:label1\" content=\"Est. reading time\" \/>\n\t<meta name=\"twitter:data1\" content=\"3 minutes\" \/>\n<script type=\"application\/ld+json\" class=\"yoast-schema-graph\">{\"@context\":\"https:\\\/\\\/schema.org\",\"@graph\":[{\"@type\":\"WebPage\",\"@id\":\"https:\\\/\\\/www.mediamix.ch\\\/declaration-daccessibilite\",\"url\":\"https:\\\/\\\/www.mediamix.ch\\\/declaration-daccessibilite\",\"name\":\"Declaration d'accessibilit\u00e9 - Mediamix\",\"isPartOf\":{\"@id\":\"https:\\\/\\\/www.mediamix.ch\\\/#website\"},\"primaryImageOfPage\":{\"@id\":\"https:\\\/\\\/www.mediamix.ch\\\/declaration-daccessibilite#primaryimage\"},\"image\":{\"@id\":\"https:\\\/\\\/www.mediamix.ch\\\/declaration-daccessibilite#primaryimage\"},\"thumbnailUrl\":\"https:\\\/\\\/www.mediamix.ch\\\/wp-content\\\/uploads\\\/2023\\\/04\\\/img-servicee1.jpg\",\"datePublished\":\"2026-03-26T08:06:42+00:00\",\"dateModified\":\"2026-04-16T07:23:51+00:00\",\"description\":\"Plan du site Mediamix - D\u00e9couvrez toutes nos pages concernant les m\u00e9dias traditionnels et les m\u00e9dias digitaux\",\"breadcrumb\":{\"@id\":\"https:\\\/\\\/www.mediamix.ch\\\/declaration-daccessibilite#breadcrumb\"},\"inLanguage\":\"en-US\",\"potentialAction\":[{\"@type\":\"ReadAction\",\"target\":[\"https:\\\/\\\/www.mediamix.ch\\\/declaration-daccessibilite\"]}]},{\"@type\":\"ImageObject\",\"inLanguage\":\"en-US\",\"@id\":\"https:\\\/\\\/www.mediamix.ch\\\/declaration-daccessibilite#primaryimage\",\"url\":\"https:\\\/\\\/www.mediamix.ch\\\/wp-content\\\/uploads\\\/2023\\\/04\\\/img-servicee1.jpg\",\"contentUrl\":\"https:\\\/\\\/www.mediamix.ch\\\/wp-content\\\/uploads\\\/2023\\\/04\\\/img-servicee1.jpg\"},{\"@type\":\"BreadcrumbList\",\"@id\":\"https:\\\/\\\/www.mediamix.ch\\\/declaration-daccessibilite#breadcrumb\",\"itemListElement\":[{\"@type\":\"ListItem\",\"position\":1,\"name\":\"Accueil\",\"item\":\"https:\\\/\\\/www.mediamix.ch\\\/\"},{\"@type\":\"ListItem\",\"position\":2,\"name\":\"Declaration d&rsquo;accessibilit\u00e9\"}]},{\"@type\":\"WebSite\",\"@id\":\"https:\\\/\\\/www.mediamix.ch\\\/#website\",\"url\":\"https:\\\/\\\/www.mediamix.ch\\\/\",\"name\":\"Mediamix\",\"description\":\"International media experts\",\"publisher\":{\"@id\":\"https:\\\/\\\/www.mediamix.ch\\\/#organization\"},\"potentialAction\":[{\"@type\":\"SearchAction\",\"target\":{\"@type\":\"EntryPoint\",\"urlTemplate\":\"https:\\\/\\\/www.mediamix.ch\\\/?s={search_term_string}\"},\"query-input\":{\"@type\":\"PropertyValueSpecification\",\"valueRequired\":true,\"valueName\":\"search_term_string\"}}],\"inLanguage\":\"en-US\"},{\"@type\":\"Organization\",\"@id\":\"https:\\\/\\\/www.mediamix.ch\\\/#organization\",\"name\":\"Mediamix\",\"url\":\"https:\\\/\\\/www.mediamix.ch\\\/\",\"logo\":{\"@type\":\"ImageObject\",\"inLanguage\":\"en-US\",\"@id\":\"https:\\\/\\\/www.mediamix.ch\\\/#\\\/schema\\\/logo\\\/image\\\/\",\"url\":\"https:\\\/\\\/www.mediamix.ch\\\/wp-content\\\/uploads\\\/2023\\\/02\\\/Logo-blanc.png\",\"contentUrl\":\"https:\\\/\\\/www.mediamix.ch\\\/wp-content\\\/uploads\\\/2023\\\/02\\\/Logo-blanc.png\",\"width\":215,\"height\":52,\"caption\":\"Mediamix\"},\"image\":{\"@id\":\"https:\\\/\\\/www.mediamix.ch\\\/#\\\/schema\\\/logo\\\/image\\\/\"},\"sameAs\":[\"https:\\\/\\\/www.facebook.com\\\/mediamixsa\\\/\",\"https:\\\/\\\/x.com\\\/MediamixSa\",\"https:\\\/\\\/www.linkedin.com\\\/company\\\/mediamix-sa\\\/\",\"https:\\\/\\\/www.youtube.com\\\/channel\\\/UCcoZdvsRrE0zpAQGkpCbh-A\",\"https:\\\/\\\/www.instagram.com\\\/mediamixsa\\\/\",\"https:\\\/\\\/www.pinterest.fr\\\/MediamixSA\\\/\"]}]}<\/script>\n<!-- \/ Yoast SEO Premium plugin. -->","yoast_head_json":{"title":"Declaration d'accessibilit\u00e9 - Mediamix","description":"Site map Mediamix - Discover all our pages about traditional and digital media","robots":{"index":"index","follow":"follow","max-snippet":"max-snippet:-1","max-image-preview":"max-image-preview:large","max-video-preview":"max-video-preview:-1"},"canonical":"https:\/\/www.mediamix.ch\/en\/declaration-daccessibilite\/","og_locale":"en_US","og_type":"article","og_title":"Declaration d'accessibilit\u00e9","og_description":"Plan du site Mediamix - D\u00e9couvrez toutes nos pages concernant les m\u00e9dias traditionnels et les m\u00e9dias digitaux","og_url":"https:\/\/www.mediamix.ch\/en\/declaration-daccessibilite\/","og_site_name":"Mediamix","article_publisher":"https:\/\/www.facebook.com\/mediamixsa\/","article_modified_time":"2026-04-16T07:23:51+00:00","og_image":[{"width":679,"height":819,"url":"https:\/\/www.mediamix.ch\/wp-content\/uploads\/2023\/04\/img-servicee1.jpg","type":"image\/jpeg"}],"twitter_card":"summary_large_image","twitter_site":"@MediamixSa","twitter_misc":{"Est. reading time":"3 minutes"},"schema":{"@context":"https:\/\/schema.org","@graph":[{"@type":"WebPage","@id":"https:\/\/www.mediamix.ch\/declaration-daccessibilite","url":"https:\/\/www.mediamix.ch\/declaration-daccessibilite","name":"Declaration d'accessibilit\u00e9 - Mediamix","isPartOf":{"@id":"https:\/\/www.mediamix.ch\/#website"},"primaryImageOfPage":{"@id":"https:\/\/www.mediamix.ch\/declaration-daccessibilite#primaryimage"},"image":{"@id":"https:\/\/www.mediamix.ch\/declaration-daccessibilite#primaryimage"},"thumbnailUrl":"https:\/\/www.mediamix.ch\/wp-content\/uploads\/2023\/04\/img-servicee1.jpg","datePublished":"2026-03-26T08:06:42+00:00","dateModified":"2026-04-16T07:23:51+00:00","description":"Site map Mediamix - Discover all our pages about traditional and digital media","breadcrumb":{"@id":"https:\/\/www.mediamix.ch\/declaration-daccessibilite#breadcrumb"},"inLanguage":"en-US","potentialAction":[{"@type":"ReadAction","target":["https:\/\/www.mediamix.ch\/declaration-daccessibilite"]}]},{"@type":"ImageObject","inLanguage":"en-US","@id":"https:\/\/www.mediamix.ch\/declaration-daccessibilite#primaryimage","url":"https:\/\/www.mediamix.ch\/wp-content\/uploads\/2023\/04\/img-servicee1.jpg","contentUrl":"https:\/\/www.mediamix.ch\/wp-content\/uploads\/2023\/04\/img-servicee1.jpg"},{"@type":"BreadcrumbList","@id":"https:\/\/www.mediamix.ch\/declaration-daccessibilite#breadcrumb","itemListElement":[{"@type":"ListItem","position":1,"name":"Accueil","item":"https:\/\/www.mediamix.ch\/"},{"@type":"ListItem","position":2,"name":"Declaration d&rsquo;accessibilit\u00e9"}]},{"@type":"WebSite","@id":"https:\/\/www.mediamix.ch\/#website","url":"https:\/\/www.mediamix.ch\/","name":"Mediamix","description":"International media experts","publisher":{"@id":"https:\/\/www.mediamix.ch\/#organization"},"potentialAction":[{"@type":"SearchAction","target":{"@type":"EntryPoint","urlTemplate":"https:\/\/www.mediamix.ch\/?s={search_term_string}"},"query-input":{"@type":"PropertyValueSpecification","valueRequired":true,"valueName":"search_term_string"}}],"inLanguage":"en-US"},{"@type":"Organization","@id":"https:\/\/www.mediamix.ch\/#organization","name":"Mediamix","url":"https:\/\/www.mediamix.ch\/","logo":{"@type":"ImageObject","inLanguage":"en-US","@id":"https:\/\/www.mediamix.ch\/#\/schema\/logo\/image\/","url":"https:\/\/www.mediamix.ch\/wp-content\/uploads\/2023\/02\/Logo-blanc.png","contentUrl":"https:\/\/www.mediamix.ch\/wp-content\/uploads\/2023\/02\/Logo-blanc.png","width":215,"height":52,"caption":"Mediamix"},"image":{"@id":"https:\/\/www.mediamix.ch\/#\/schema\/logo\/image\/"},"sameAs":["https:\/\/www.facebook.com\/mediamixsa\/","https:\/\/x.com\/MediamixSa","https:\/\/www.linkedin.com\/company\/mediamix-sa\/","https:\/\/www.youtube.com\/channel\/UCcoZdvsRrE0zpAQGkpCbh-A","https:\/\/www.instagram.com\/mediamixsa\/","https:\/\/www.pinterest.fr\/MediamixSA\/"]}]}},"_links":{"self":[{"href":"https:\/\/www.mediamix.ch\/en\/wp-json\/wp\/v2\/pages\/12298","targetHints":{"allow":["GET"]}}],"collection":[{"href":"https:\/\/www.mediamix.ch\/en\/wp-json\/wp\/v2\/pages"}],"about":[{"href":"https:\/\/www.mediamix.ch\/en\/wp-json\/wp\/v2\/types\/page"}],"author":[{"embeddable":true,"href":"https:\/\/www.mediamix.ch\/en\/wp-json\/wp\/v2\/users\/1"}],"replies":[{"embeddable":true,"href":"https:\/\/www.mediamix.ch\/en\/wp-json\/wp\/v2\/comments?post=12298"}],"version-history":[{"count":7,"href":"https:\/\/www.mediamix.ch\/en\/wp-json\/wp\/v2\/pages\/12298\/revisions"}],"predecessor-version":[{"id":12310,"href":"https:\/\/www.mediamix.ch\/en\/wp-json\/wp\/v2\/pages\/12298\/revisions\/12310"}],"wp:attachment":[{"href":"https:\/\/www.mediamix.ch\/en\/wp-json\/wp\/v2\/media?parent=12298"}],"curies":[{"name":"wp","href":"https:\/\/api.w.org\/{rel}","templated":true}]}}