{"id":482,"date":"2023-03-10T08:57:30","date_gmt":"2023-03-10T07:57:30","guid":{"rendered":"https:\/\/www.mediamix.ch\/?page_id=482"},"modified":"2023-06-19T13:36:06","modified_gmt":"2023-06-19T11:36:06","slug":"terms-condition","status":"publish","type":"page","link":"https:\/\/www.mediamix.ch\/en\/mentions-legales","title":{"rendered":"Terms&amp;condition"},"content":{"rendered":"<div data-elementor-type=\"wp-page\" data-elementor-id=\"482\" class=\"elementor elementor-482\" data-elementor-post-type=\"page\">\n\t\t\t\t\t\t<section class=\"elementor-section elementor-top-section elementor-element elementor-element-416bdf15 elementor-section-height-min-height elementor-section-full_width elementor-section-height-default elementor-section-items-middle\" data-id=\"416bdf15\" data-element_type=\"section\" data-e-type=\"section\" data-settings=\"{&quot;background_background&quot;:&quot;classic&quot;,&quot;jet_parallax_layout_list&quot;:[]}\">\n\t\t\t\t\t\t\t<div class=\"elementor-background-overlay\"><\/div>\n\t\t\t\t\t\t\t<div class=\"elementor-container elementor-column-gap-default\">\n\t\t\t\t\t<div class=\"elementor-column elementor-col-100 elementor-top-column elementor-element elementor-element-12711e28\" data-id=\"12711e28\" data-element_type=\"column\" data-e-type=\"column\">\n\t\t\t<div class=\"elementor-widget-wrap elementor-element-populated\">\n\t\t\t\t\t\t<section class=\"elementor-section elementor-inner-section elementor-element elementor-element-7f16ca7b elementor-section-full_width elementor-section-content-middle elementor-section-height-default elementor-section-height-default\" data-id=\"7f16ca7b\" data-element_type=\"section\" data-e-type=\"section\" data-settings=\"{&quot;jet_parallax_layout_list&quot;:[]}\">\n\t\t\t\t\t\t<div class=\"elementor-container elementor-column-gap-default\">\n\t\t\t\t\t<div class=\"elementor-column elementor-col-100 elementor-inner-column elementor-element elementor-element-5af66418\" data-id=\"5af66418\" data-element_type=\"column\" data-e-type=\"column\" data-settings=\"{&quot;background_background&quot;:&quot;classic&quot;}\">\n\t\t\t<div class=\"elementor-widget-wrap elementor-element-populated\">\n\t\t\t\t\t\t<div class=\"elementor-element elementor-element-14f1a615 elementor-widget elementor-widget-heading\" data-id=\"14f1a615\" data-element_type=\"widget\" data-e-type=\"widget\" data-widget_type=\"heading.default\">\n\t\t\t\t<div class=\"elementor-widget-container\">\n\t\t\t\t\t<h1 class=\"elementor-heading-title elementor-size-default\">Terms&amp;condition<\/h1>\t\t\t\t<\/div>\n\t\t\t\t<\/div>\n\t\t\t\t\t<\/div>\n\t\t<\/div>\n\t\t\t\t\t<\/div>\n\t\t<\/section>\n\t\t\t\t\t<\/div>\n\t\t<\/div>\n\t\t\t\t\t<\/div>\n\t\t<\/section>\n\t\t\t\t<section class=\"elementor-section elementor-top-section elementor-element elementor-element-b3b59a9 elementor-section-stretched elementor-section-content-middle elementor-section-boxed elementor-section-height-default elementor-section-height-default\" data-id=\"b3b59a9\" data-element_type=\"section\" data-e-type=\"section\" data-settings=\"{&quot;stretch_section&quot;:&quot;section-stretched&quot;,&quot;jet_parallax_layout_list&quot;:[]}\">\n\t\t\t\t\t\t<div class=\"elementor-container elementor-column-gap-default\">\n\t\t\t\t\t<div class=\"elementor-column elementor-col-50 elementor-top-column elementor-element elementor-element-e0fa3a1\" data-id=\"e0fa3a1\" data-element_type=\"column\" data-e-type=\"column\">\n\t\t\t<div class=\"elementor-widget-wrap elementor-element-populated\">\n\t\t\t\t\t\t<div class=\"elementor-element elementor-element-740ae65 elementor-widget elementor-widget-heading\" data-id=\"740ae65\" data-element_type=\"widget\" data-e-type=\"widget\" data-widget_type=\"heading.default\">\n\t\t\t\t<div class=\"elementor-widget-container\">\n\t\t\t\t\t<h2 class=\"elementor-heading-title elementor-size-default\">Site Presentation<\/h2>\t\t\t\t<\/div>\n\t\t\t\t<\/div>\n\t\t\t\t<div class=\"elementor-element elementor-element-fdc8c86 elementor-widget elementor-widget-text-editor\" data-id=\"fdc8c86\" data-element_type=\"widget\" data-e-type=\"widget\" data-widget_type=\"text-editor.default\">\n\t\t\t\t<div class=\"elementor-widget-container\">\n\t\t\t\t\t\t\t\t\t<p>This website is edited by:<\/p><p><strong>Mediamix,<\/strong><\/p><p>domiciled at 4-6 ROUTE D\u2019ARNIER 1092 BELMONT-SUR-LAUSANNE \u2013 SWITZERLAND.<\/p><p>Publication manager: Henri Tripet, reachable by email\u00a0<a href=\"mailto:ht@mediamix.ch\">ht@mediamix.ch<\/a>.<\/p><p><strong>IDE number or trade register number:<\/strong> CHE-108.049.134<\/p><p><strong>VAT number:<\/strong> CHE-108.049.134 TVA<\/p><p><strong>Website :<\/strong>\u00a0<a href=\"https:\/\/www.ukoo.fr\" target=\"_blank\" rel=\"noopener\">www.ukoo.fr<\/a><\/p><p><strong>Hosting :<\/strong> Infomaniak.com<\/p>\t\t\t\t\t\t\t\t<\/div>\n\t\t\t\t<\/div>\n\t\t\t\t<div class=\"elementor-element elementor-element-4eacc18 elementor-widget elementor-widget-heading\" data-id=\"4eacc18\" data-element_type=\"widget\" data-e-type=\"widget\" data-widget_type=\"heading.default\">\n\t\t\t\t<div class=\"elementor-widget-container\">\n\t\t\t\t\t<h2 class=\"elementor-heading-title elementor-size-default\">Intellectual property and infringements<\/h2>\t\t\t\t<\/div>\n\t\t\t\t<\/div>\n\t\t\t\t<div class=\"elementor-element elementor-element-74211f9 elementor-widget elementor-widget-text-editor\" data-id=\"74211f9\" data-element_type=\"widget\" data-e-type=\"widget\" data-widget_type=\"text-editor.default\">\n\t\t\t\t<div class=\"elementor-widget-container\">\n\t\t\t\t\t\t\t\t\t<p>Any unauthorised use constitutes an infringement and will be prosecuted according to the legal provisions in force.<\/p>\t\t\t\t\t\t\t\t<\/div>\n\t\t\t\t<\/div>\n\t\t\t\t<div class=\"elementor-element elementor-element-ba27c2c elementor-widget elementor-widget-heading\" data-id=\"ba27c2c\" data-element_type=\"widget\" data-e-type=\"widget\" data-widget_type=\"heading.default\">\n\t\t\t\t<div class=\"elementor-widget-container\">\n\t\t\t\t\t<h2 class=\"elementor-heading-title elementor-size-default\">Cookies and trackers<\/h2>\t\t\t\t<\/div>\n\t\t\t\t<\/div>\n\t\t\t\t<div class=\"elementor-element elementor-element-7a9f012 elementor-widget elementor-widget-text-editor\" data-id=\"7a9f012\" data-element_type=\"widget\" data-e-type=\"widget\" data-widget_type=\"text-editor.default\">\n\t\t\t\t<div class=\"elementor-widget-container translation-block\">The <a href=\"https:\/\/www.mediamix.ch\/en\/\" target=\"_self\">www.mediamix.ch<\/a> website has an audience measurement system, as well as a social media sharing function.\n\nIn application of the European directive known as the \u201cTelecom Package\u201d, Internet users must be informed and give their consent prior to the insertion of trackers (more commonly known as \u201ccookies\u201d). Internet users must be given the opportunity to choose not to be tracked when visiting a website or using an application. Website publishers are therefore obliged to seek the users\u2019 prior informed consent.\n\nThe refusal to install a cookie may result in the impossibility of accessing certain services. Users can however configure their Internet browser to refuse the installation of cookies.<\/div>\n\t\t\t\t<\/div>\n\t\t\t\t<div class=\"elementor-element elementor-element-fc35689 elementor-widget elementor-widget-heading\" data-id=\"fc35689\" data-element_type=\"widget\" data-e-type=\"widget\" data-widget_type=\"heading.default\">\n\t\t\t\t<div class=\"elementor-widget-container\">\n\t\t\t\t\t<h2 class=\"elementor-heading-title elementor-size-default\">Audience Measurement<\/h2>\t\t\t\t<\/div>\n\t\t\t\t<\/div>\n\t\t\t\t<div class=\"elementor-element elementor-element-e48213c elementor-widget elementor-widget-text-editor\" data-id=\"e48213c\" data-element_type=\"widget\" data-e-type=\"widget\" data-widget_type=\"text-editor.default\">\n\t\t\t\t<div class=\"elementor-widget-container\">\n\t\t\t\t\t\t\t\t\t<p>Audience measurement cookies are small files that allow to know and analyse website traffic statistics: the pages visited, the number of visits, the bounce rate, the origin of the visits, etc. Audience measurement cookies are completely anonymous.<\/p><p>This website uses the Google Analytics solution to measure the audience.<\/p>\t\t\t\t\t\t\t\t<\/div>\n\t\t\t\t<\/div>\n\t\t\t\t<div class=\"elementor-element elementor-element-87468eb elementor-widget elementor-widget-heading\" data-id=\"87468eb\" data-element_type=\"widget\" data-e-type=\"widget\" data-widget_type=\"heading.default\">\n\t\t\t\t<div class=\"elementor-widget-container\">\n\t\t\t\t\t<h2 class=\"elementor-heading-title elementor-size-default\">Social media<\/h2>\t\t\t\t<\/div>\n\t\t\t\t<\/div>\n\t\t\t\t<div class=\"elementor-element elementor-element-9f55b7a elementor-widget elementor-widget-text-editor\" data-id=\"9f55b7a\" data-element_type=\"widget\" data-e-type=\"widget\" data-widget_type=\"text-editor.default\">\n\t\t\t\t<div class=\"elementor-widget-container\">\n\t\t\t\t\t\t\t\t\t<p>Social network cookies are associated with buttons that facilitate the sharing of pages and articles on social media.<\/p>\t\t\t\t\t\t\t\t<\/div>\n\t\t\t\t<\/div>\n\t\t\t\t<div class=\"elementor-element elementor-element-873803d elementor-widget elementor-widget-heading\" data-id=\"873803d\" data-element_type=\"widget\" data-e-type=\"widget\" data-widget_type=\"heading.default\">\n\t\t\t\t<div class=\"elementor-widget-container\">\n\t\t\t\t\t<h2 class=\"elementor-heading-title elementor-size-default\">Contact form and comments<\/h2>\t\t\t\t<\/div>\n\t\t\t\t<\/div>\n\t\t\t\t<div class=\"elementor-element elementor-element-58d488a elementor-widget elementor-widget-text-editor\" data-id=\"58d488a\" data-element_type=\"widget\" data-e-type=\"widget\" data-widget_type=\"text-editor.default\">\n\t\t\t\t<div class=\"elementor-widget-container translation-block\">You may be asked to provide us with your e-mail address when filling out our contact form or to leave a comment about one of the articles published on the  \u00a0<a href=\"https:\/\/www.mediamix.ch\/en\/\" target=\"_self\">www.mediamix.ch<\/a> Website.\n\nUnder no circumstances will your e-mail address be forwarded to third parties.<\/div>\n\t\t\t\t<\/div>\n\t\t\t\t<div class=\"elementor-element elementor-element-3a55d7a elementor-widget elementor-widget-heading\" data-id=\"3a55d7a\" data-element_type=\"widget\" data-e-type=\"widget\" data-widget_type=\"heading.default\">\n\t\t\t\t<div class=\"elementor-widget-container\">\n\t\t\t\t\t<h2 class=\"elementor-heading-title elementor-size-default\">Newsletter<\/h2>\t\t\t\t<\/div>\n\t\t\t\t<\/div>\n\t\t\t\t<div class=\"elementor-element elementor-element-d342d87 elementor-widget elementor-widget-text-editor\" data-id=\"d342d87\" data-element_type=\"widget\" data-e-type=\"widget\" data-widget_type=\"text-editor.default\">\n\t\t\t\t<div class=\"elementor-widget-container translation-block\">You can subscribe to the website\u2019s newsletter. You will then automatically receive free newsletters dealing with the subjects covered by the  <a href=\"https:\/\/www.mediamix.ch\/en\/\" target=\"_self\">www.mediamix.ch<\/a> website.\n\nYou can unsubscribe from the newsletter at any time by clicking on the unsubscribe link at the bottom of each newsletter.\n\nUnder no circumstances will your e-mail address be forwarded to third parties.<\/div>\n\t\t\t\t<\/div>\n\t\t\t\t<div class=\"elementor-element elementor-element-a5bf290 elementor-widget elementor-widget-heading\" data-id=\"a5bf290\" data-element_type=\"widget\" data-e-type=\"widget\" data-widget_type=\"heading.default\">\n\t\t\t\t<div class=\"elementor-widget-container\">\n\t\t\t\t\t<h2 class=\"elementor-heading-title elementor-size-default\">Hypertext links<\/h2>\t\t\t\t<\/div>\n\t\t\t\t<\/div>\n\t\t\t\t<div class=\"elementor-element elementor-element-1a51eee elementor-widget elementor-widget-text-editor\" data-id=\"1a51eee\" data-element_type=\"widget\" data-e-type=\"widget\" data-widget_type=\"text-editor.default\">\n\t\t\t\t<div class=\"elementor-widget-container translation-block\">This website contains several hypertext links to other websites. However, <a href=\"https:\/\/www.mediamix.ch\/en\/\" target=\"_self\">www.mediamix.ch<\/a> does not have the ability to monitor and check the content of these websites and will therefore assume no responsibility in this respect.<\/div>\n\t\t\t\t<\/div>\n\t\t\t\t<div class=\"elementor-element elementor-element-286052d elementor-widget elementor-widget-heading\" data-id=\"286052d\" data-element_type=\"widget\" data-e-type=\"widget\" data-widget_type=\"heading.default\">\n\t\t\t\t<div class=\"elementor-widget-container\">\n\t\t\t\t\t<h2 class=\"elementor-heading-title elementor-size-default\">RSS Feeds<\/h2>\t\t\t\t<\/div>\n\t\t\t\t<\/div>\n\t\t\t\t<div class=\"elementor-element elementor-element-f2e149e elementor-widget elementor-widget-text-editor\" data-id=\"f2e149e\" data-element_type=\"widget\" data-e-type=\"widget\" data-widget_type=\"text-editor.default\">\n\t\t\t\t<div class=\"elementor-widget-container translation-block\">RSS feeds are exclusively intended for website visitors for their personal use and cannot under any circumstances be used to feed other websites, except with the prior written authorisation of <a href=\"https:\/\/www.mediamix.ch\/en\/\" target=\"_self\">www.mediamix.ch<\/a>.<\/div>\n\t\t\t\t<\/div>\n\t\t\t\t\t<\/div>\n\t\t<\/div>\n\t\t\t\t<div class=\"elementor-column elementor-col-50 elementor-top-column elementor-element elementor-element-a9d7896\" data-id=\"a9d7896\" data-element_type=\"column\" data-e-type=\"column\">\n\t\t\t<div class=\"elementor-widget-wrap elementor-element-populated\">\n\t\t\t\t\t\t<div class=\"elementor-element elementor-element-5744a43 elementor-widget elementor-widget-image\" data-id=\"5744a43\" data-element_type=\"widget\" data-e-type=\"widget\" data-widget_type=\"image.default\">\n\t\t\t\t<div class=\"elementor-widget-container\">\n\t\t\t\t\t\t\t\t\t\t\t\t\t\t\t<img fetchpriority=\"high\" decoding=\"async\" width=\"679\" height=\"819\" src=\"https:\/\/www.mediamix.ch\/wp-content\/uploads\/2023\/04\/img-servicee1.jpg\" class=\"attachment-large size-large wp-image-2927\" alt=\"\" srcset=\"https:\/\/www.mediamix.ch\/wp-content\/uploads\/2023\/04\/img-servicee1.jpg 679w, https:\/\/www.mediamix.ch\/wp-content\/uploads\/2023\/04\/img-servicee1-249x300.jpg 249w, https:\/\/www.mediamix.ch\/wp-content\/uploads\/2023\/04\/img-servicee1-10x12.jpg 10w\" sizes=\"(max-width: 679px) 100vw, 679px\" \/>\t\t\t\t\t\t\t\t\t\t\t\t\t\t\t<\/div>\n\t\t\t\t<\/div>\n\t\t\t\t\t<\/div>\n\t\t<\/div>\n\t\t\t\t\t<\/div>\n\t\t<\/section>\n\t\t\t\t<\/div>","protected":false},"excerpt":{"rendered":"<p>Pr\u00e9sentation du site Le pr\u00e9sent site est \u00e9dit\u00e9 par\u00a0: Mediamix, domicili\u00e9e au 4-6 ROUTE D\u2019ARNIER 1092 BELMONT-SUR-LAUSANNE \u2013 SUISSE. Responsable de la publication : Henri Tripet, joignable par email\u00a0ht@mediamix.ch. Num\u00e9ro IDE ou num\u00e9ro du registre du commerce\u00a0: CHE-108.049.134 Num\u00e9ro de la TVA\u00a0: CHE-108.049.134 TVA Coordination, gestion du projet:\u00a0www.ukoo.fr H\u00e9bergement\u00a0: Infomaniak.com Propri\u00e9t\u00e9 intellectuelle et contrefa\u00e7ons Toute [&hellip;]<\/p>\n","protected":false},"author":2,"featured_media":0,"parent":0,"menu_order":34,"comment_status":"closed","ping_status":"closed","template":"","meta":{"footnotes":""},"class_list":["post-482","page","type-page","status-publish","hentry"],"yoast_head":"<!-- This site is optimized with the Yoast SEO Premium plugin v27.3 (Yoast SEO v27.3) - https:\/\/yoast.com\/product\/yoast-seo-premium-wordpress\/ -->\n<title>Mentions l\u00e9gales de l&#039;agence media internationale \u00a6 Mediamix<\/title>\n<meta name=\"description\" content=\"Mediamix s\u2019est essentiellement consacr\u00e9e \u00e0 soutenir des produits ou services premium par ses conseils, son r\u00e9seau et son expertise professionnelle\" \/>\n<meta name=\"robots\" content=\"index, follow, max-snippet:-1, max-image-preview:large, max-video-preview:-1\" \/>\n<link rel=\"canonical\" href=\"https:\/\/www.mediamix.ch\/en\/terms-condition\/\" \/>\n<meta property=\"og:locale\" content=\"en_US\" \/>\n<meta property=\"og:type\" content=\"article\" \/>\n<meta property=\"og:title\" content=\"Mentions l\u00e9gales\" \/>\n<meta property=\"og:description\" content=\"Mediamix s\u2019est essentiellement consacr\u00e9e \u00e0 soutenir des produits ou services premium par ses conseils, son r\u00e9seau et son expertise professionnelle\" \/>\n<meta property=\"og:url\" content=\"https:\/\/www.mediamix.ch\/en\/terms-condition\/\" \/>\n<meta property=\"og:site_name\" content=\"Mediamix\" \/>\n<meta property=\"article:publisher\" content=\"https:\/\/www.facebook.com\/mediamixsa\/\" \/>\n<meta property=\"article:modified_time\" content=\"2023-06-19T11:36:06+00:00\" \/>\n<meta property=\"og:image\" content=\"https:\/\/www.mediamix.ch\/wp-content\/uploads\/2023\/04\/img-servicee1.jpg\" \/>\n<meta name=\"twitter:card\" content=\"summary_large_image\" \/>\n<meta name=\"twitter:site\" content=\"@MediamixSa\" \/>\n<meta name=\"twitter:label1\" content=\"Est. reading time\" \/>\n\t<meta name=\"twitter:data1\" content=\"3 minutes\" \/>\n<script type=\"application\/ld+json\" class=\"yoast-schema-graph\">{\"@context\":\"https:\\\/\\\/schema.org\",\"@graph\":[{\"@type\":\"WebPage\",\"@id\":\"https:\\\/\\\/www.mediamix.ch\\\/mentions-legales\",\"url\":\"https:\\\/\\\/www.mediamix.ch\\\/mentions-legales\",\"name\":\"Mentions l\u00e9gales de l'agence media internationale \u00a6 Mediamix\",\"isPartOf\":{\"@id\":\"https:\\\/\\\/www.mediamix.ch\\\/#website\"},\"primaryImageOfPage\":{\"@id\":\"https:\\\/\\\/www.mediamix.ch\\\/mentions-legales#primaryimage\"},\"image\":{\"@id\":\"https:\\\/\\\/www.mediamix.ch\\\/mentions-legales#primaryimage\"},\"thumbnailUrl\":\"https:\\\/\\\/www.mediamix.ch\\\/wp-content\\\/uploads\\\/2023\\\/04\\\/img-servicee1.jpg\",\"datePublished\":\"2023-03-10T07:57:30+00:00\",\"dateModified\":\"2023-06-19T11:36:06+00:00\",\"description\":\"Mediamix s\u2019est essentiellement consacr\u00e9e \u00e0 soutenir des produits ou services premium par ses conseils, son r\u00e9seau et son expertise professionnelle\",\"breadcrumb\":{\"@id\":\"https:\\\/\\\/www.mediamix.ch\\\/mentions-legales#breadcrumb\"},\"inLanguage\":\"en-US\",\"potentialAction\":[{\"@type\":\"ReadAction\",\"target\":[\"https:\\\/\\\/www.mediamix.ch\\\/mentions-legales\"]}]},{\"@type\":\"ImageObject\",\"inLanguage\":\"en-US\",\"@id\":\"https:\\\/\\\/www.mediamix.ch\\\/mentions-legales#primaryimage\",\"url\":\"https:\\\/\\\/www.mediamix.ch\\\/wp-content\\\/uploads\\\/2023\\\/04\\\/img-servicee1.jpg\",\"contentUrl\":\"https:\\\/\\\/www.mediamix.ch\\\/wp-content\\\/uploads\\\/2023\\\/04\\\/img-servicee1.jpg\"},{\"@type\":\"BreadcrumbList\",\"@id\":\"https:\\\/\\\/www.mediamix.ch\\\/mentions-legales#breadcrumb\",\"itemListElement\":[{\"@type\":\"ListItem\",\"position\":1,\"name\":\"Accueil\",\"item\":\"https:\\\/\\\/www.mediamix.ch\\\/\"},{\"@type\":\"ListItem\",\"position\":2,\"name\":\"Mentions l\u00e9gales\"}]},{\"@type\":\"WebSite\",\"@id\":\"https:\\\/\\\/www.mediamix.ch\\\/#website\",\"url\":\"https:\\\/\\\/www.mediamix.ch\\\/\",\"name\":\"Mediamix\",\"description\":\"International media experts\",\"publisher\":{\"@id\":\"https:\\\/\\\/www.mediamix.ch\\\/#organization\"},\"potentialAction\":[{\"@type\":\"SearchAction\",\"target\":{\"@type\":\"EntryPoint\",\"urlTemplate\":\"https:\\\/\\\/www.mediamix.ch\\\/?s={search_term_string}\"},\"query-input\":{\"@type\":\"PropertyValueSpecification\",\"valueRequired\":true,\"valueName\":\"search_term_string\"}}],\"inLanguage\":\"en-US\"},{\"@type\":\"Organization\",\"@id\":\"https:\\\/\\\/www.mediamix.ch\\\/#organization\",\"name\":\"Mediamix\",\"url\":\"https:\\\/\\\/www.mediamix.ch\\\/\",\"logo\":{\"@type\":\"ImageObject\",\"inLanguage\":\"en-US\",\"@id\":\"https:\\\/\\\/www.mediamix.ch\\\/#\\\/schema\\\/logo\\\/image\\\/\",\"url\":\"https:\\\/\\\/www.mediamix.ch\\\/wp-content\\\/uploads\\\/2023\\\/02\\\/Logo-blanc.png\",\"contentUrl\":\"https:\\\/\\\/www.mediamix.ch\\\/wp-content\\\/uploads\\\/2023\\\/02\\\/Logo-blanc.png\",\"width\":215,\"height\":52,\"caption\":\"Mediamix\"},\"image\":{\"@id\":\"https:\\\/\\\/www.mediamix.ch\\\/#\\\/schema\\\/logo\\\/image\\\/\"},\"sameAs\":[\"https:\\\/\\\/www.facebook.com\\\/mediamixsa\\\/\",\"https:\\\/\\\/x.com\\\/MediamixSa\",\"https:\\\/\\\/www.linkedin.com\\\/company\\\/mediamix-sa\\\/\",\"https:\\\/\\\/www.youtube.com\\\/channel\\\/UCcoZdvsRrE0zpAQGkpCbh-A\",\"https:\\\/\\\/www.instagram.com\\\/mediamixsa\\\/\",\"https:\\\/\\\/www.pinterest.fr\\\/MediamixSA\\\/\"]}]}<\/script>\n<!-- \/ Yoast SEO Premium plugin. -->","yoast_head_json":{"title":"Mentions l\u00e9gales de l'agence media internationale \u00a6 Mediamix","description":"Mediamix is mainly dedicated to supporting premium products or services with its advice, its network and professional expertise. For more information contact us","robots":{"index":"index","follow":"follow","max-snippet":"max-snippet:-1","max-image-preview":"max-image-preview:large","max-video-preview":"max-video-preview:-1"},"canonical":"https:\/\/www.mediamix.ch\/en\/terms-condition\/","og_locale":"en_US","og_type":"article","og_title":"Mentions l\u00e9gales","og_description":"Mediamix s\u2019est essentiellement consacr\u00e9e \u00e0 soutenir des produits ou services premium par ses conseils, son r\u00e9seau et son expertise professionnelle","og_url":"https:\/\/www.mediamix.ch\/en\/terms-condition\/","og_site_name":"Mediamix","article_publisher":"https:\/\/www.facebook.com\/mediamixsa\/","article_modified_time":"2023-06-19T11:36:06+00:00","og_image":[{"url":"https:\/\/www.mediamix.ch\/wp-content\/uploads\/2023\/04\/img-servicee1.jpg","type":"","width":"","height":""}],"twitter_card":"summary_large_image","twitter_site":"@MediamixSa","twitter_misc":{"Est. reading time":"3 minutes"},"schema":{"@context":"https:\/\/schema.org","@graph":[{"@type":"WebPage","@id":"https:\/\/www.mediamix.ch\/mentions-legales","url":"https:\/\/www.mediamix.ch\/mentions-legales","name":"Mentions l\u00e9gales de l'agence media internationale \u00a6 Mediamix","isPartOf":{"@id":"https:\/\/www.mediamix.ch\/#website"},"primaryImageOfPage":{"@id":"https:\/\/www.mediamix.ch\/mentions-legales#primaryimage"},"image":{"@id":"https:\/\/www.mediamix.ch\/mentions-legales#primaryimage"},"thumbnailUrl":"https:\/\/www.mediamix.ch\/wp-content\/uploads\/2023\/04\/img-servicee1.jpg","datePublished":"2023-03-10T07:57:30+00:00","dateModified":"2023-06-19T11:36:06+00:00","description":"Mediamix is mainly dedicated to supporting premium products or services with its advice, its network and professional expertise. For more information contact us","breadcrumb":{"@id":"https:\/\/www.mediamix.ch\/mentions-legales#breadcrumb"},"inLanguage":"en-US","potentialAction":[{"@type":"ReadAction","target":["https:\/\/www.mediamix.ch\/mentions-legales"]}]},{"@type":"ImageObject","inLanguage":"en-US","@id":"https:\/\/www.mediamix.ch\/mentions-legales#primaryimage","url":"https:\/\/www.mediamix.ch\/wp-content\/uploads\/2023\/04\/img-servicee1.jpg","contentUrl":"https:\/\/www.mediamix.ch\/wp-content\/uploads\/2023\/04\/img-servicee1.jpg"},{"@type":"BreadcrumbList","@id":"https:\/\/www.mediamix.ch\/mentions-legales#breadcrumb","itemListElement":[{"@type":"ListItem","position":1,"name":"Accueil","item":"https:\/\/www.mediamix.ch\/"},{"@type":"ListItem","position":2,"name":"Mentions l\u00e9gales"}]},{"@type":"WebSite","@id":"https:\/\/www.mediamix.ch\/#website","url":"https:\/\/www.mediamix.ch\/","name":"Mediamix","description":"International media experts","publisher":{"@id":"https:\/\/www.mediamix.ch\/#organization"},"potentialAction":[{"@type":"SearchAction","target":{"@type":"EntryPoint","urlTemplate":"https:\/\/www.mediamix.ch\/?s={search_term_string}"},"query-input":{"@type":"PropertyValueSpecification","valueRequired":true,"valueName":"search_term_string"}}],"inLanguage":"en-US"},{"@type":"Organization","@id":"https:\/\/www.mediamix.ch\/#organization","name":"Mediamix","url":"https:\/\/www.mediamix.ch\/","logo":{"@type":"ImageObject","inLanguage":"en-US","@id":"https:\/\/www.mediamix.ch\/#\/schema\/logo\/image\/","url":"https:\/\/www.mediamix.ch\/wp-content\/uploads\/2023\/02\/Logo-blanc.png","contentUrl":"https:\/\/www.mediamix.ch\/wp-content\/uploads\/2023\/02\/Logo-blanc.png","width":215,"height":52,"caption":"Mediamix"},"image":{"@id":"https:\/\/www.mediamix.ch\/#\/schema\/logo\/image\/"},"sameAs":["https:\/\/www.facebook.com\/mediamixsa\/","https:\/\/x.com\/MediamixSa","https:\/\/www.linkedin.com\/company\/mediamix-sa\/","https:\/\/www.youtube.com\/channel\/UCcoZdvsRrE0zpAQGkpCbh-A","https:\/\/www.instagram.com\/mediamixsa\/","https:\/\/www.pinterest.fr\/MediamixSA\/"]}]}},"_links":{"self":[{"href":"https:\/\/www.mediamix.ch\/en\/wp-json\/wp\/v2\/pages\/482","targetHints":{"allow":["GET"]}}],"collection":[{"href":"https:\/\/www.mediamix.ch\/en\/wp-json\/wp\/v2\/pages"}],"about":[{"href":"https:\/\/www.mediamix.ch\/en\/wp-json\/wp\/v2\/types\/page"}],"author":[{"embeddable":true,"href":"https:\/\/www.mediamix.ch\/en\/wp-json\/wp\/v2\/users\/2"}],"replies":[{"embeddable":true,"href":"https:\/\/www.mediamix.ch\/en\/wp-json\/wp\/v2\/comments?post=482"}],"version-history":[{"count":44,"href":"https:\/\/www.mediamix.ch\/en\/wp-json\/wp\/v2\/pages\/482\/revisions"}],"predecessor-version":[{"id":10851,"href":"https:\/\/www.mediamix.ch\/en\/wp-json\/wp\/v2\/pages\/482\/revisions\/10851"}],"wp:attachment":[{"href":"https:\/\/www.mediamix.ch\/en\/wp-json\/wp\/v2\/media?parent=482"}],"curies":[{"name":"wp","href":"https:\/\/api.w.org\/{rel}","templated":true}]}}